{"id":7544,"date":"2018-07-14T08:46:51","date_gmt":"2018-07-14T10:46:51","guid":{"rendered":"https:\/\/orphea.it\/prodotti\/"},"modified":"2021-04-01T10:22:46","modified_gmt":"2021-04-01T09:22:46","slug":"izdelkov","status":"publish","type":"page","link":"https:\/\/orphea.it\/sl\/izdelkov\/","title":{"rendered":"Vsi izdelki"},"content":{"rendered":"<p>[vc_row full_width=&#8221;stretch_row&#8221; content_placement=&#8221;middle&#8221; css=&#8221;.vc_custom_1532363201150{padding-top: 50px !important;padding-bottom: 50px !important;background-image: url(http:\/\/orphea.it\/wp-content\/uploads\/2018\/07\/sfondo-radiale-prodotti-Orphea-Protezione-Casa.jpg?id=273) !important;background-position: center !important;background-repeat: no-repeat !important;background-size: cover !important;}&#8221; el_class=&#8221;inversionemobile&#8221; offset=&#8221;vc_hidden-sm vc_hidden-xs&#8221;][vc_column width=&#8221;1\/2&#8243;][vc_column_text]<\/p>\n<h3><span style=\"color: #006e34;\">ZA\u0160\u010cITA ZA DOM ORPHEA<\/span><\/h3>\n<p><span style=\"color: #006e34;\">Velika insekticidna u\u010dinkovitost z naravnimi feromoni za za\u0161\u010dito va\u0161ega doma pred lete\u010dimi \u017euzelkami. Naravne pasti brez vonja za u\u010dinkovito in trajno obrambo pred \u017euzelkami.<\/span>[\/vc_column_text][vc_empty_space height=&#8221;15px&#8221;]<a href=\"https:\/\/orphea.it\/sl\/vse-izdelke\/zascita-doma\/\" target=\"\" title=\"Za\u0161\u010dita za dom Orphea\"  data-id=\"mpc_button-8169e0d996de888\" class=\"mpc-button mpc-init mpc-transition mpc-typography--preset_0 \" ><div class=\"mpc-button__content mpc-effect-type--none mpc-effect-side--none\"><span class=\"mpc-button__title mpc-transition\">Pojdite na izdelke<\/span><\/div><div class=\"mpc-button__background mpc-transition mpc-effect-type--fade mpc-effect-side--in\"><\/div><\/a>[\/vc_column][vc_column width=&#8221;1\/2&#8243;][vc_single_image image=&#8221;8543&#8243; img_size=&#8221;full&#8221; alignment=&#8221;center&#8221;][\/vc_column][\/vc_row][vc_row full_width=&#8221;stretch_row&#8221; content_placement=&#8221;middle&#8221; css=&#8221;.vc_custom_1532363424189{padding-top: 50px !important;padding-bottom: 50px !important;background-image: url(http:\/\/orphea.it\/wp-content\/uploads\/2018\/07\/sfondo-radiale-prodotti-Orphea-Protezione-Casa.jpg?id=273) !important;background-position: center !important;background-repeat: no-repeat !important;background-size: cover !important;}&#8221; el_class=&#8221;inversionemobile&#8221; offset=&#8221;vc_hidden-lg vc_hidden-md&#8221;][vc_column width=&#8221;1\/2&#8243;][vc_single_image image=&#8221;8543&#8243; img_size=&#8221;full&#8221; alignment=&#8221;center&#8221;][\/vc_column][vc_column width=&#8221;1\/2&#8243;][vc_column_text]<\/p>\n<h3><span style=\"color: #006e34;\">ZA\u0160\u010cITA ZA DOM ORPHEA<\/span><\/h3>\n<p><span style=\"color: #006e34;\">Velika insekticidna u\u010dinkovitost z naravnimi feromoni za za\u0161\u010dito va\u0161ega doma pred lete\u010dimi \u017euzelkami. Naravne pasti brez vonja za u\u010dinkovito in trajno obrambo pred \u017euzelkami.<\/span>[\/vc_column_text][vc_empty_space height=&#8221;15px&#8221;]<a href=\"https:\/\/orphea.it\/sl\/vse-izdelke\/zascita-doma\/\" target=\"\" title=\"Za\u0161\u010dita za dom Orphea\"  data-id=\"mpc_button-7169e0d996de9e9\" class=\"mpc-button mpc-init mpc-transition mpc-typography--preset_0 \" ><div class=\"mpc-button__content mpc-effect-type--none mpc-effect-side--none\"><span class=\"mpc-button__title mpc-transition\">Pojdite na izdelke<\/span><\/div><div class=\"mpc-button__background mpc-transition mpc-effect-type--fade mpc-effect-side--in\"><\/div><\/a>[\/vc_column][\/vc_row][vc_row full_width=&#8221;stretch_row&#8221; content_placement=&#8221;middle&#8221; css=&#8221;.vc_custom_1532363506038{padding-top: 50px !important;padding-bottom: 50px !important;background-image: url(http:\/\/orphea.it\/wp-content\/uploads\/2018\/07\/sfondo-radiale-prodotti-Orphea-Salvalana.jpg?id=274) !important;background-position: center !important;background-repeat: no-repeat !important;background-size: cover !important;}&#8221; offset=&#8221;vc_hidden-sm vc_hidden-xs&#8221;][vc_column width=&#8221;1\/2&#8243;][vc_single_image image=&#8221;8552&#8243; img_size=&#8221;full&#8221; alignment=&#8221;center&#8221;][\/vc_column][vc_column width=&#8221;1\/2&#8243;][vc_column_text]<\/p>\n<h3><span style=\"color: #8e3488;\">ZA\u0160\u010cITA TKANIN ORPHEA<\/span><\/h3>\n<p><span style=\"color: #8e3488;\">Orphea Salvalana <strong>odi\u0161avi ter \u0161\u010diti pred molji volno in najdragocenej\u0161e tkanine<\/strong>, kot so svila, lan, ka\u0161mir in bomba\u017e, zahvaljujo\u010d naravni u\u010dinkovitosti neverjetnega \u0161tevila <strong>esenc, pridobljenih iz rastlin in cvetja<\/strong>, ki prijetno odi\u0161avijo obla\u010dila.<\/span>[\/vc_column_text][vc_empty_space height=&#8221;15px&#8221;]<a href=\"https:\/\/orphea.it\/sl\/vse-izdelke\/zascita-tkanin\/\" target=\"\" title=\"Orphea Salvalana\"  data-id=\"mpc_button-5369e0d996dea8a\" class=\"mpc-button mpc-init mpc-transition mpc-typography--preset_0 \" ><div class=\"mpc-button__content mpc-effect-type--none mpc-effect-side--none\"><span class=\"mpc-button__title mpc-transition\">Pojdite na izdelke<\/span><\/div><div class=\"mpc-button__background mpc-transition mpc-effect-type--fade mpc-effect-side--in\"><\/div><\/a>[\/vc_column][\/vc_row][vc_row full_width=&#8221;stretch_row&#8221; content_placement=&#8221;middle&#8221; css=&#8221;.vc_custom_1532363518634{padding-top: 50px !important;padding-bottom: 50px !important;background-image: url(http:\/\/orphea.it\/wp-content\/uploads\/2018\/07\/sfondo-radiale-prodotti-Orphea-Salvalana.jpg?id=274) !important;background-position: center !important;background-repeat: no-repeat !important;background-size: cover !important;}&#8221; offset=&#8221;vc_hidden-lg vc_hidden-md&#8221;][vc_column width=&#8221;1\/2&#8243;][vc_single_image image=&#8221;8552&#8243; img_size=&#8221;full&#8221; alignment=&#8221;center&#8221;][\/vc_column][vc_column width=&#8221;1\/2&#8243;][vc_column_text]<\/p>\n<h3><span style=\"color: #8e3488;\">ZA\u0160\u010cITA TKANIN ORPHEA<\/span><\/h3>\n<p><span style=\"color: #8e3488;\">Orphea Salvalana <strong>odi\u0161avi ter \u0161\u010diti pred molji volno in najdragocenej\u0161e tkanine<\/strong>, kot so svila, lan, ka\u0161mir in bomba\u017e, zahvaljujo\u010d naravni u\u010dinkovitosti neverjetnega \u0161tevila <strong>esenc, pridobljenih iz rastlin in cvetja<\/strong>, ki prijetno odi\u0161avijo obla\u010dila.<\/span>[\/vc_column_text][vc_empty_space height=&#8221;15px&#8221;]<a href=\"https:\/\/orphea.it\/sl\/vse-izdelke\/zascita-tkanin\/\" target=\"\" title=\"Orphea Salvalana\"  data-id=\"mpc_button-869e0d996deb52\" class=\"mpc-button mpc-init mpc-transition mpc-typography--preset_0 \" ><div class=\"mpc-button__content mpc-effect-type--none mpc-effect-side--none\"><span class=\"mpc-button__title mpc-transition\">Pojdite na izdelke<\/span><\/div><div class=\"mpc-button__background mpc-transition mpc-effect-type--fade mpc-effect-side--in\"><\/div><\/a>[\/vc_column][\/vc_row][vc_row full_width=&#8221;stretch_row&#8221; content_placement=&#8221;middle&#8221; css=&#8221;.vc_custom_1532363571183{padding-top: 50px !important;padding-bottom: 50px !important;background-image: url(http:\/\/orphea.it\/wp-content\/uploads\/2018\/07\/sfondo-radiale-prodotti-Orphea-protezione-persona.jpg?id=275) !important;background-position: center !important;background-repeat: no-repeat !important;background-size: cover !important;}&#8221; el_class=&#8221;inversionemobile&#8221; offset=&#8221;vc_hidden-sm vc_hidden-xs&#8221;][vc_column width=&#8221;1\/2&#8243;][vc_column_text]<\/p>\n<h3><span style=\"color: #006e34;\">OSEBNA ZA\u0160\u010cITA ORPHEA<\/span><\/h3>\n<p><span style=\"color: #006e34;\">Celovita linija <strong>sredstev za odganjanje mr\u010desa in po piku<\/strong>, ki je zasnovana za za\u0161\u010dito odraslih in otrok pred piki komarjev in drugih \u017eu\u017eelk. <strong>Citriodiol<\/strong>, izjemna u\u010dinkovina rastlinskega izvora, zagotavlja <strong>u\u010dinkovito in za ko\u017eo ob\u010dutljivo za\u0161\u010dito; naravni izvle\u010dki<\/strong> pa imajo bla\u017eilni in pomirjevalni u\u010dinek na ko\u017eo.<\/span>[\/vc_column_text][vc_empty_space height=&#8221;15px&#8221;]<a href=\"https:\/\/orphea.it\/sl\/vse-izdelke\/zascita-osebe\/\" target=\"\" title=\"Osebna za\u0161\u010dita Orphea\"  data-id=\"mpc_button-5269e0d996dec40\" class=\"mpc-button mpc-init mpc-transition mpc-typography--preset_0 \" ><div class=\"mpc-button__content mpc-effect-type--none mpc-effect-side--none\"><span class=\"mpc-button__title mpc-transition\">Pojdite na izdelke<\/span><\/div><div class=\"mpc-button__background mpc-transition mpc-effect-type--fade mpc-effect-side--in\"><\/div><\/a>[\/vc_column][vc_column width=&#8221;1\/2&#8243;][vc_single_image image=&#8221;9100&#8243; img_size=&#8221;full&#8221; alignment=&#8221;center&#8221;][\/vc_column][\/vc_row][vc_row full_width=&#8221;stretch_row&#8221; content_placement=&#8221;middle&#8221; css=&#8221;.vc_custom_1532363581765{padding-top: 50px !important;padding-bottom: 50px !important;background-image: url(http:\/\/orphea.it\/wp-content\/uploads\/2018\/07\/sfondo-radiale-prodotti-Orphea-protezione-persona.jpg?id=275) !important;background-position: center !important;background-repeat: no-repeat !important;background-size: cover !important;}&#8221; el_class=&#8221;inversionemobile&#8221; offset=&#8221;vc_hidden-lg vc_hidden-md&#8221;][vc_column width=&#8221;1\/2&#8243;][vc_single_image image=&#8221;9100&#8243; img_size=&#8221;full&#8221; alignment=&#8221;center&#8221;][\/vc_column][vc_column width=&#8221;1\/2&#8243;][vc_column_text]<\/p>\n<h3><span style=\"color: #006e34;\">OSEBNA ZA\u0160\u010cITA ORPHEA<\/span><\/h3>\n<p><span style=\"color: #006e34;\">Celovita linija <strong>sredstev za odganjanje mr\u010desa in po piku<\/strong>, ki je zasnovana za za\u0161\u010dito odraslih in otrok pred piki komarjev in drugih \u017eu\u017eelk. <strong>Citriodiol<\/strong>, izjemna u\u010dinkovina rastlinskega izvora, zagotavlja <strong>u\u010dinkovito in za ko\u017eo ob\u010dutljivo za\u0161\u010dito; naravni izvle\u010dki<\/strong> pa imajo bla\u017eilni in pomirjevalni u\u010dinek na ko\u017eo.<\/span>[\/vc_column_text][vc_empty_space height=&#8221;15px&#8221;]<a href=\"https:\/\/orphea.it\/sl\/vse-izdelke\/zascita-osebe\/\" target=\"\" title=\"Osebna za\u0161\u010dita Orphea\"  data-id=\"mpc_button-5969e0d996decfc\" class=\"mpc-button mpc-init mpc-transition mpc-typography--preset_0 \" ><div class=\"mpc-button__content mpc-effect-type--none mpc-effect-side--none\"><span class=\"mpc-button__title mpc-transition\">Pojdite na izdelke<\/span><\/div><div class=\"mpc-button__background mpc-transition mpc-effect-type--fade mpc-effect-side--in\"><\/div><\/a>[\/vc_column][\/vc_row]<\/p>\n","protected":false},"excerpt":{"rendered":"<p>[vc_row full_width=&#8221;stretch_row&#8221; content_placement=&#8221;middle&#8221; css=&#8221;.vc_custom_1532363201150{padding-top: 50px !important;padding-bottom: 50px !important;background-image: url(http:\/\/orphea.it\/wp-content\/uploads\/2018\/07\/sfondo-radiale-prodotti-Orphea-Protezione-Casa.jpg?id=273) !important;background-position: center !important;background-repeat: no-repeat !important;background-size: cover !important;}&#8221; el_class=&#8221;inversionemobile&#8221; offset=&#8221;vc_hidden-sm vc_hidden-xs&#8221;][vc_column width=&#8221;1\/2&#8243;][vc_column_text] ZA\u0160\u010cITA ZA DOM ORPHEA Velika insekticidna u\u010dinkovitost z naravnimi feromoni za za\u0161\u010dito va\u0161ega doma pred lete\u010dimi \u017euzelkami. Naravne pasti brez<\/p>\n","protected":false},"author":2,"featured_media":0,"parent":0,"menu_order":0,"comment_status":"closed","ping_status":"closed","template":"","meta":{"_acf_changed":false,"footnotes":""},"class_list":["post-7544","page","type-page","status-publish","hentry"],"acf":[],"yoast_head":"<!-- This site is optimized with the Yoast SEO plugin v27.4 - https:\/\/yoast.com\/product\/yoast-seo-wordpress\/ -->\n<title>Vsi izdelki | Orphea<\/title>\n<meta name=\"description\" content=\"Odkrijte izdelke Orphea: tri linije izdelkov za vse va\u0161e potrebe\" \/>\n<meta name=\"robots\" content=\"index, follow, max-snippet:-1, max-image-preview:large, max-video-preview:-1\" \/>\n<link rel=\"canonical\" href=\"https:\/\/orphea.it\/sl\/izdelkov\/\" \/>\n<meta property=\"og:locale\" content=\"sl_SI\" \/>\n<meta property=\"og:type\" content=\"article\" \/>\n<meta property=\"og:title\" content=\"Vsi izdelki | Orphea\" \/>\n<meta property=\"og:description\" content=\"Odkrijte izdelke Orphea: tri linije izdelkov za vse va\u0161e potrebe\" \/>\n<meta property=\"og:url\" content=\"https:\/\/orphea.it\/sl\/izdelkov\/\" \/>\n<meta property=\"og:site_name\" content=\"ORPHEA\" \/>\n<meta property=\"article:modified_time\" content=\"2021-04-01T09:22:46+00:00\" \/>\n<meta name=\"twitter:card\" content=\"summary_large_image\" \/>\n<meta name=\"twitter:label1\" content=\"Est. reading time\" \/>\n\t<meta name=\"twitter:data1\" content=\"6 minut\" \/>\n<script type=\"application\/ld+json\" class=\"yoast-schema-graph\">{\"@context\":\"https:\\\/\\\/schema.org\",\"@graph\":[{\"@type\":\"WebPage\",\"@id\":\"https:\\\/\\\/orphea.it\\\/sl\\\/izdelkov\\\/\",\"url\":\"https:\\\/\\\/orphea.it\\\/sl\\\/izdelkov\\\/\",\"name\":\"Vsi izdelki | Orphea\",\"isPartOf\":{\"@id\":\"https:\\\/\\\/orphea.it\\\/sl\\\/#website\"},\"datePublished\":\"2018-07-14T10:46:51+00:00\",\"dateModified\":\"2021-04-01T09:22:46+00:00\",\"description\":\"Odkrijte izdelke Orphea: tri linije izdelkov za vse va\u0161e potrebe\",\"inLanguage\":\"sl-SI\",\"potentialAction\":[{\"@type\":\"ReadAction\",\"target\":[\"https:\\\/\\\/orphea.it\\\/sl\\\/izdelkov\\\/\"]}]},{\"@type\":\"WebSite\",\"@id\":\"https:\\\/\\\/orphea.it\\\/sl\\\/#website\",\"url\":\"https:\\\/\\\/orphea.it\\\/sl\\\/\",\"name\":\"ORPHEA\",\"description\":\"Il tuo alleato di casa | ORPHEA\",\"potentialAction\":[{\"@type\":\"SearchAction\",\"target\":{\"@type\":\"EntryPoint\",\"urlTemplate\":\"https:\\\/\\\/orphea.it\\\/sl\\\/?s={search_term_string}\"},\"query-input\":{\"@type\":\"PropertyValueSpecification\",\"valueRequired\":true,\"valueName\":\"search_term_string\"}}],\"inLanguage\":\"sl-SI\"}]}<\/script>\n<!-- \/ Yoast SEO plugin. -->","yoast_head_json":{"title":"Vsi izdelki | Orphea","description":"Odkrijte izdelke Orphea: tri linije izdelkov za vse va\u0161e potrebe","robots":{"index":"index","follow":"follow","max-snippet":"max-snippet:-1","max-image-preview":"max-image-preview:large","max-video-preview":"max-video-preview:-1"},"canonical":"https:\/\/orphea.it\/sl\/izdelkov\/","og_locale":"sl_SI","og_type":"article","og_title":"Vsi izdelki | Orphea","og_description":"Odkrijte izdelke Orphea: tri linije izdelkov za vse va\u0161e potrebe","og_url":"https:\/\/orphea.it\/sl\/izdelkov\/","og_site_name":"ORPHEA","article_modified_time":"2021-04-01T09:22:46+00:00","twitter_card":"summary_large_image","twitter_misc":{"Est. reading time":"6 minut"},"schema":{"@context":"https:\/\/schema.org","@graph":[{"@type":"WebPage","@id":"https:\/\/orphea.it\/sl\/izdelkov\/","url":"https:\/\/orphea.it\/sl\/izdelkov\/","name":"Vsi izdelki | Orphea","isPartOf":{"@id":"https:\/\/orphea.it\/sl\/#website"},"datePublished":"2018-07-14T10:46:51+00:00","dateModified":"2021-04-01T09:22:46+00:00","description":"Odkrijte izdelke Orphea: tri linije izdelkov za vse va\u0161e potrebe","inLanguage":"sl-SI","potentialAction":[{"@type":"ReadAction","target":["https:\/\/orphea.it\/sl\/izdelkov\/"]}]},{"@type":"WebSite","@id":"https:\/\/orphea.it\/sl\/#website","url":"https:\/\/orphea.it\/sl\/","name":"ORPHEA","description":"Il tuo alleato di casa | ORPHEA","potentialAction":[{"@type":"SearchAction","target":{"@type":"EntryPoint","urlTemplate":"https:\/\/orphea.it\/sl\/?s={search_term_string}"},"query-input":{"@type":"PropertyValueSpecification","valueRequired":true,"valueName":"search_term_string"}}],"inLanguage":"sl-SI"}]}},"_links":{"self":[{"href":"https:\/\/orphea.it\/sl\/wp-json\/wp\/v2\/pages\/7544","targetHints":{"allow":["GET"]}}],"collection":[{"href":"https:\/\/orphea.it\/sl\/wp-json\/wp\/v2\/pages"}],"about":[{"href":"https:\/\/orphea.it\/sl\/wp-json\/wp\/v2\/types\/page"}],"author":[{"embeddable":true,"href":"https:\/\/orphea.it\/sl\/wp-json\/wp\/v2\/users\/2"}],"replies":[{"embeddable":true,"href":"https:\/\/orphea.it\/sl\/wp-json\/wp\/v2\/comments?post=7544"}],"version-history":[{"count":6,"href":"https:\/\/orphea.it\/sl\/wp-json\/wp\/v2\/pages\/7544\/revisions"}],"predecessor-version":[{"id":9109,"href":"https:\/\/orphea.it\/sl\/wp-json\/wp\/v2\/pages\/7544\/revisions\/9109"}],"wp:attachment":[{"href":"https:\/\/orphea.it\/sl\/wp-json\/wp\/v2\/media?parent=7544"}],"curies":[{"name":"wp","href":"https:\/\/api.w.org\/{rel}","templated":true}]}}