{"id":7319,"date":"2018-07-14T08:46:51","date_gmt":"2018-07-14T10:46:51","guid":{"rendered":"https:\/\/orphea.it\/prodotti\/"},"modified":"2021-04-02T16:33:48","modified_gmt":"2021-04-02T15:33:48","slug":"productos","status":"publish","type":"page","link":"https:\/\/orphea.it\/es\/productos\/","title":{"rendered":"Todos los productos"},"content":{"rendered":"<p>[vc_row full_width=&#8221;stretch_row&#8221; content_placement=&#8221;middle&#8221; css=&#8221;.vc_custom_1532363201150{padding-top: 50px !important;padding-bottom: 50px !important;background-image: url(http:\/\/orphea.it\/wp-content\/uploads\/2018\/07\/sfondo-radiale-prodotti-Orphea-Protezione-Casa.jpg?id=273) !important;background-position: center !important;background-repeat: no-repeat !important;background-size: cover !important;}&#8221; el_class=&#8221;inversionemobile&#8221; offset=&#8221;vc_hidden-sm vc_hidden-xs&#8221;][vc_column width=&#8221;1\/2&#8243;][vc_column_text]<\/p>\n<h3><span style=\"color: #006e34;\">ORPHEA PROTECCI\u00d3N DEL HOGAR<\/span><\/h3>\n<p><span style=\"color: #006e34;\">Gran eficacia insecticida, con <strong>extracto de eucalipto<\/strong> y otros aceites esenciales que garantizan un olor agradable, <strong>Orphea Protecci\u00f3n del Hogar<\/strong> protege la casa de los insectos voladores y rastreros. Una amplia gama de <strong>insecticidas<\/strong> y <strong>trampas<\/strong> inodora, de acci\u00f3n natural, para defenderse de los insectos de forma eficaz y duradera.<\/span>[\/vc_column_text][vc_empty_space height=&#8221;15px&#8221;]<a href=\"https:\/\/orphea.it\/es\/productos\/proteccion-del-hogar\/\" target=\"\" title=\"Orphea Protecci\u00f3n del hogar\"  data-id=\"mpc_button-1469e75bc304cea\" class=\"mpc-button mpc-init mpc-transition mpc-typography--preset_0 \" ><div class=\"mpc-button__content mpc-effect-type--none mpc-effect-side--none\"><span class=\"mpc-button__title mpc-transition\">Ver los productos<\/span><\/div><div class=\"mpc-button__background mpc-transition mpc-effect-type--fade mpc-effect-side--in\"><\/div><\/a>[\/vc_column][vc_column width=&#8221;1\/2&#8243;][vc_single_image image=&#8221;9203&#8243; img_size=&#8221;full&#8221; alignment=&#8221;center&#8221;][\/vc_column][\/vc_row][vc_row full_width=&#8221;stretch_row&#8221; content_placement=&#8221;middle&#8221; css=&#8221;.vc_custom_1532363424189{padding-top: 50px !important;padding-bottom: 50px !important;background-image: url(http:\/\/orphea.it\/wp-content\/uploads\/2018\/07\/sfondo-radiale-prodotti-Orphea-Protezione-Casa.jpg?id=273) !important;background-position: center !important;background-repeat: no-repeat !important;background-size: cover !important;}&#8221; el_class=&#8221;inversionemobile&#8221; offset=&#8221;vc_hidden-lg vc_hidden-md&#8221;][vc_column width=&#8221;1\/2&#8243;][vc_single_image image=&#8221;9203&#8243; img_size=&#8221;full&#8221; alignment=&#8221;center&#8221;][\/vc_column][vc_column width=&#8221;1\/2&#8243;][vc_column_text]<\/p>\n<h3><span style=\"color: #006e34;\">ORPHEA PROTECCI\u00d3N DEL HOGAR<\/span><\/h3>\n<p><span style=\"color: #006e34;\">Gran eficacia insecticida, con <strong>extracto de eucalipto<\/strong> y otros aceites esenciales que garantizan un olor agradable, <strong>Orphea Protecci\u00f3n del Hogar<\/strong> protege la casa de los insectos voladores y rastreros. Una amplia gama de <strong>insecticidas<\/strong> y <strong>trampas<\/strong> inodora, de acci\u00f3n natural, para defenderse de los insectos de forma eficaz y duradera.<\/span>[\/vc_column_text][vc_empty_space height=&#8221;15px&#8221;]<a href=\"https:\/\/orphea.it\/es\/productos\/proteccion-del-hogar\/\" target=\"\" title=\"Orphea Protecci\u00f3n del hogar\"  data-id=\"mpc_button-4769e75bc304dc4\" class=\"mpc-button mpc-init mpc-transition mpc-typography--preset_0 \" ><div class=\"mpc-button__content mpc-effect-type--none mpc-effect-side--none\"><span class=\"mpc-button__title mpc-transition\">Ver los productos<\/span><\/div><div class=\"mpc-button__background mpc-transition mpc-effect-type--fade mpc-effect-side--in\"><\/div><\/a>[\/vc_column][\/vc_row][vc_row full_width=&#8221;stretch_row&#8221; content_placement=&#8221;middle&#8221; css=&#8221;.vc_custom_1532363506038{padding-top: 50px !important;padding-bottom: 50px !important;background-image: url(http:\/\/orphea.it\/wp-content\/uploads\/2018\/07\/sfondo-radiale-prodotti-Orphea-Salvalana.jpg?id=274) !important;background-position: center !important;background-repeat: no-repeat !important;background-size: cover !important;}&#8221; offset=&#8221;vc_hidden-sm vc_hidden-xs&#8221;][vc_column width=&#8221;1\/2&#8243;][vc_single_image image=&#8221;9194&#8243; img_size=&#8221;full&#8221; alignment=&#8221;center&#8221;][\/vc_column][vc_column width=&#8221;1\/2&#8243;][vc_column_text]<\/p>\n<h3><span style=\"color: #8e3488;\">ORPHEA PROTECCI\u00d3N DE TEJIDOS<\/span><\/h3>\n<p><span style=\"color: #8e3488;\">Orphea <strong>perfuma y protege la lana y los tejidos m\u00e1s preciados<\/strong> como seda, lino, cachemira y algod\u00f3n, gracias a la eficacia natural de una combinaci\u00f3n extraordinaria de <strong>esencias extra\u00eddas de plantas y flores<\/strong> que perfuman las prendas de forma agradable. Un <strong>sistema completo para cuidar la ropa<\/strong> que empieza en el lavado y sigue dentro de armarios y cajones, gracias a una l\u00ednea completa de productos \u00fanicos que protegen la integridad de las fibras m\u00e1s delicadas.<\/span>[\/vc_column_text][vc_empty_space height=&#8221;15px&#8221;]<a href=\"https:\/\/orphea.it\/es\/productos\/proteccion-de-tejidos\/\" target=\"\" title=\"Orphea Protecci\u00f3n de tejidos\"  data-id=\"mpc_button-7169e75bc304e58\" class=\"mpc-button mpc-init mpc-transition mpc-typography--preset_0 \" ><div class=\"mpc-button__content mpc-effect-type--none mpc-effect-side--none\"><span class=\"mpc-button__title mpc-transition\">Ver los productos<\/span><\/div><div class=\"mpc-button__background mpc-transition mpc-effect-type--fade mpc-effect-side--in\"><\/div><\/a>[\/vc_column][\/vc_row][vc_row full_width=&#8221;stretch_row&#8221; content_placement=&#8221;middle&#8221; css=&#8221;.vc_custom_1532363518634{padding-top: 50px !important;padding-bottom: 50px !important;background-image: url(http:\/\/orphea.it\/wp-content\/uploads\/2018\/07\/sfondo-radiale-prodotti-Orphea-Salvalana.jpg?id=274) !important;background-position: center !important;background-repeat: no-repeat !important;background-size: cover !important;}&#8221; offset=&#8221;vc_hidden-lg vc_hidden-md&#8221;][vc_column width=&#8221;1\/2&#8243;][vc_single_image image=&#8221;9194&#8243; img_size=&#8221;full&#8221; alignment=&#8221;center&#8221;][\/vc_column][vc_column width=&#8221;1\/2&#8243;][vc_column_text]<\/p>\n<h3><span style=\"color: #8e3488;\">ORPHEA PROTECCI\u00d3N DE TEJIDOS<\/span><\/h3>\n<p><span style=\"color: #8e3488;\">Orphea <strong>perfuma y protege la lana y los tejidos m\u00e1s preciados<\/strong> como seda, lino, cachemira y algod\u00f3n, gracias a la eficacia natural de una combinaci\u00f3n extraordinaria de <strong>esencias extra\u00eddas de plantas y flores<\/strong> que perfuman las prendas de forma agradable. Un <strong>sistema completo para cuidar la ropa<\/strong> que empieza en el lavado y sigue dentro de armarios y cajones, gracias a una l\u00ednea completa de productos \u00fanicos que protegen la integridad de las fibras m\u00e1s delicadas.<\/span>[\/vc_column_text][vc_empty_space height=&#8221;15px&#8221;]<a href=\"https:\/\/orphea.it\/es\/productos\/proteccion-de-tejidos\/\" target=\"\" title=\"Orphea Protecci\u00f3n de tejidos\"  data-id=\"mpc_button-5869e75bc304eea\" class=\"mpc-button mpc-init mpc-transition mpc-typography--preset_0 \" ><div class=\"mpc-button__content mpc-effect-type--none mpc-effect-side--none\"><span class=\"mpc-button__title mpc-transition\">Ver los productos<\/span><\/div><div class=\"mpc-button__background mpc-transition mpc-effect-type--fade mpc-effect-side--in\"><\/div><\/a>[\/vc_column][\/vc_row][vc_row full_width=&#8221;stretch_row&#8221; content_placement=&#8221;middle&#8221; css=&#8221;.vc_custom_1532363571183{padding-top: 50px !important;padding-bottom: 50px !important;background-image: url(http:\/\/orphea.it\/wp-content\/uploads\/2018\/07\/sfondo-radiale-prodotti-Orphea-protezione-persona.jpg?id=275) !important;background-position: center !important;background-repeat: no-repeat !important;background-size: cover !important;}&#8221; el_class=&#8221;inversionemobile&#8221; offset=&#8221;vc_hidden-sm vc_hidden-xs&#8221;][vc_column width=&#8221;1\/2&#8243;][vc_column_text]<\/p>\n<h3><span style=\"color: #006e34;\">ORPHEA PROTECCI\u00d3N PERSONAL<\/span><\/h3>\n<p><span style=\"color: #006e34;\">Una l\u00ednea completa de <strong>repelentes de insectos<\/strong> y <strong>tratamientos postpicaduras<\/strong> concebida para proteger a adultos y ni\u00f1os de las picaduras de mosquitos y otros insectos. El <strong>Citriodiol<\/strong>, el principio activo de origen vegetal por excelencia, garantiza una <strong>protecci\u00f3n eficaz y delicada<\/strong> sobre la piel; los <strong>extractos naturales<\/strong> tienen un poder emoliente y lenitivo sobre la piel.<\/span>[\/vc_column_text][vc_empty_space height=&#8221;15px&#8221;]<a href=\"https:\/\/orphea.it\/es\/productos\/proteccion-personal\/\" target=\"\" title=\"Orphea Protecci\u00f3n personal\"  data-id=\"mpc_button-2469e75bc304fa0\" class=\"mpc-button mpc-init mpc-transition mpc-typography--preset_0 \" ><div class=\"mpc-button__content mpc-effect-type--none mpc-effect-side--none\"><span class=\"mpc-button__title mpc-transition\">Ver los productos<\/span><\/div><div class=\"mpc-button__background mpc-transition mpc-effect-type--fade mpc-effect-side--in\"><\/div><\/a>[\/vc_column][vc_column width=&#8221;1\/2&#8243;][vc_single_image image=&#8221;9213&#8243; img_size=&#8221;full&#8221; alignment=&#8221;center&#8221;][\/vc_column][\/vc_row][vc_row full_width=&#8221;stretch_row&#8221; content_placement=&#8221;middle&#8221; css=&#8221;.vc_custom_1532363581765{padding-top: 50px !important;padding-bottom: 50px !important;background-image: url(http:\/\/orphea.it\/wp-content\/uploads\/2018\/07\/sfondo-radiale-prodotti-Orphea-protezione-persona.jpg?id=275) !important;background-position: center !important;background-repeat: no-repeat !important;background-size: cover !important;}&#8221; el_class=&#8221;inversionemobile&#8221; offset=&#8221;vc_hidden-lg vc_hidden-md&#8221;][vc_column width=&#8221;1\/2&#8243;][vc_single_image image=&#8221;9213&#8243; img_size=&#8221;full&#8221; alignment=&#8221;center&#8221;][\/vc_column][vc_column width=&#8221;1\/2&#8243;][vc_column_text]<\/p>\n<h3><span style=\"color: #006e34;\">ORPHEA PROTECCI\u00d3N PERSONAL<\/span><\/h3>\n<p><span style=\"color: #006e34;\">Una l\u00ednea completa de <strong>repelentes de insectos<\/strong> y <strong>tratamientos postpicaduras<\/strong> concebida para proteger a adultos y ni\u00f1os de las picaduras de mosquitos y otros insectos. El <strong>Citriodiol<\/strong>, el principio activo de origen vegetal por excelencia, garantiza una <strong>protecci\u00f3n eficaz y delicada<\/strong> sobre la piel; los <strong>extractos naturales<\/strong> tienen un poder emoliente y lenitivo sobre la piel.<\/span>[\/vc_column_text][vc_empty_space height=&#8221;15px&#8221;]<a href=\"https:\/\/orphea.it\/es\/productos\/proteccion-personal\/\" target=\"\" title=\"Orphea Protecci\u00f3n personal\"  data-id=\"mpc_button-5469e75bc305036\" class=\"mpc-button mpc-init mpc-transition \" ><div class=\"mpc-button__content mpc-effect-type--none mpc-effect-side--none\"><span class=\"mpc-button__title mpc-transition\">Ver los productos<\/span><\/div><div class=\"mpc-button__background mpc-transition mpc-effect-type--fade mpc-effect-side--in\"><\/div><\/a>[\/vc_column][\/vc_row]<\/p>\n","protected":false},"excerpt":{"rendered":"<p>[vc_row full_width=&#8221;stretch_row&#8221; content_placement=&#8221;middle&#8221; css=&#8221;.vc_custom_1532363201150{padding-top: 50px !important;padding-bottom: 50px !important;background-image: url(http:\/\/orphea.it\/wp-content\/uploads\/2018\/07\/sfondo-radiale-prodotti-Orphea-Protezione-Casa.jpg?id=273) !important;background-position: center !important;background-repeat: no-repeat !important;background-size: cover !important;}&#8221; el_class=&#8221;inversionemobile&#8221; offset=&#8221;vc_hidden-sm vc_hidden-xs&#8221;][vc_column width=&#8221;1\/2&#8243;][vc_column_text] ORPHEA PROTECCI\u00d3N DEL HOGAR Gran eficacia insecticida, con extracto de eucalipto y otros aceites esenciales que garantizan un olor agradable,<\/p>\n","protected":false},"author":2,"featured_media":0,"parent":0,"menu_order":0,"comment_status":"closed","ping_status":"closed","template":"","meta":{"_acf_changed":false,"footnotes":""},"class_list":["post-7319","page","type-page","status-publish","hentry"],"acf":[],"yoast_head":"<!-- This site is optimized with the Yoast SEO plugin v27.4 - https:\/\/yoast.com\/product\/yoast-seo-wordpress\/ -->\n<title>Todos los productos | Orphea<\/title>\n<meta name=\"description\" content=\"Descubra los productos Orphea: tres l\u00edneas de productos para todas sus necesidades\" \/>\n<meta name=\"robots\" content=\"index, follow, max-snippet:-1, max-image-preview:large, max-video-preview:-1\" \/>\n<link rel=\"canonical\" href=\"https:\/\/orphea.it\/es\/productos\/\" \/>\n<meta property=\"og:locale\" content=\"es_ES\" \/>\n<meta property=\"og:type\" content=\"article\" \/>\n<meta property=\"og:title\" content=\"Todos los productos | Orphea\" \/>\n<meta property=\"og:description\" content=\"Descubra los productos Orphea: tres l\u00edneas de productos para todas sus necesidades\" \/>\n<meta property=\"og:url\" content=\"https:\/\/orphea.it\/es\/productos\/\" \/>\n<meta property=\"og:site_name\" content=\"ORPHEA\" \/>\n<meta property=\"article:modified_time\" content=\"2021-04-02T15:33:48+00:00\" \/>\n<meta name=\"twitter:card\" content=\"summary_large_image\" \/>\n<meta name=\"twitter:label1\" content=\"Tiempo de lectura\" \/>\n\t<meta name=\"twitter:data1\" content=\"6 minutes\" \/>\n<script type=\"application\/ld+json\" class=\"yoast-schema-graph\">{\"@context\":\"https:\\\/\\\/schema.org\",\"@graph\":[{\"@type\":\"WebPage\",\"@id\":\"https:\\\/\\\/orphea.it\\\/es\\\/productos\\\/\",\"url\":\"https:\\\/\\\/orphea.it\\\/es\\\/productos\\\/\",\"name\":\"Todos los productos | Orphea\",\"isPartOf\":{\"@id\":\"https:\\\/\\\/orphea.it\\\/es\\\/#website\"},\"datePublished\":\"2018-07-14T10:46:51+00:00\",\"dateModified\":\"2021-04-02T15:33:48+00:00\",\"description\":\"Descubra los productos Orphea: tres l\u00edneas de productos para todas sus necesidades\",\"inLanguage\":\"es-ES\",\"potentialAction\":[{\"@type\":\"ReadAction\",\"target\":[\"https:\\\/\\\/orphea.it\\\/es\\\/productos\\\/\"]}]},{\"@type\":\"WebSite\",\"@id\":\"https:\\\/\\\/orphea.it\\\/es\\\/#website\",\"url\":\"https:\\\/\\\/orphea.it\\\/es\\\/\",\"name\":\"ORPHEA\",\"description\":\"Il tuo alleato di casa | ORPHEA\",\"potentialAction\":[{\"@type\":\"SearchAction\",\"target\":{\"@type\":\"EntryPoint\",\"urlTemplate\":\"https:\\\/\\\/orphea.it\\\/es\\\/?s={search_term_string}\"},\"query-input\":{\"@type\":\"PropertyValueSpecification\",\"valueRequired\":true,\"valueName\":\"search_term_string\"}}],\"inLanguage\":\"es-ES\"}]}<\/script>\n<!-- \/ Yoast SEO plugin. -->","yoast_head_json":{"title":"Todos los productos | Orphea","description":"Descubra los productos Orphea: tres l\u00edneas de productos para todas sus necesidades","robots":{"index":"index","follow":"follow","max-snippet":"max-snippet:-1","max-image-preview":"max-image-preview:large","max-video-preview":"max-video-preview:-1"},"canonical":"https:\/\/orphea.it\/es\/productos\/","og_locale":"es_ES","og_type":"article","og_title":"Todos los productos | Orphea","og_description":"Descubra los productos Orphea: tres l\u00edneas de productos para todas sus necesidades","og_url":"https:\/\/orphea.it\/es\/productos\/","og_site_name":"ORPHEA","article_modified_time":"2021-04-02T15:33:48+00:00","twitter_card":"summary_large_image","twitter_misc":{"Tiempo de lectura":"6 minutes"},"schema":{"@context":"https:\/\/schema.org","@graph":[{"@type":"WebPage","@id":"https:\/\/orphea.it\/es\/productos\/","url":"https:\/\/orphea.it\/es\/productos\/","name":"Todos los productos | Orphea","isPartOf":{"@id":"https:\/\/orphea.it\/es\/#website"},"datePublished":"2018-07-14T10:46:51+00:00","dateModified":"2021-04-02T15:33:48+00:00","description":"Descubra los productos Orphea: tres l\u00edneas de productos para todas sus necesidades","inLanguage":"es-ES","potentialAction":[{"@type":"ReadAction","target":["https:\/\/orphea.it\/es\/productos\/"]}]},{"@type":"WebSite","@id":"https:\/\/orphea.it\/es\/#website","url":"https:\/\/orphea.it\/es\/","name":"ORPHEA","description":"Il tuo alleato di casa | ORPHEA","potentialAction":[{"@type":"SearchAction","target":{"@type":"EntryPoint","urlTemplate":"https:\/\/orphea.it\/es\/?s={search_term_string}"},"query-input":{"@type":"PropertyValueSpecification","valueRequired":true,"valueName":"search_term_string"}}],"inLanguage":"es-ES"}]}},"_links":{"self":[{"href":"https:\/\/orphea.it\/es\/wp-json\/wp\/v2\/pages\/7319","targetHints":{"allow":["GET"]}}],"collection":[{"href":"https:\/\/orphea.it\/es\/wp-json\/wp\/v2\/pages"}],"about":[{"href":"https:\/\/orphea.it\/es\/wp-json\/wp\/v2\/types\/page"}],"author":[{"embeddable":true,"href":"https:\/\/orphea.it\/es\/wp-json\/wp\/v2\/users\/2"}],"replies":[{"embeddable":true,"href":"https:\/\/orphea.it\/es\/wp-json\/wp\/v2\/comments?post=7319"}],"version-history":[{"count":4,"href":"https:\/\/orphea.it\/es\/wp-json\/wp\/v2\/pages\/7319\/revisions"}],"predecessor-version":[{"id":9222,"href":"https:\/\/orphea.it\/es\/wp-json\/wp\/v2\/pages\/7319\/revisions\/9222"}],"wp:attachment":[{"href":"https:\/\/orphea.it\/es\/wp-json\/wp\/v2\/media?parent=7319"}],"curies":[{"name":"wp","href":"https:\/\/api.w.org\/{rel}","templated":true}]}}