{"id":3947,"date":"2018-07-14T08:46:51","date_gmt":"2018-07-14T10:46:51","guid":{"rendered":"https:\/\/orphea-dev.bebit.it\/prodotti\/"},"modified":"2021-06-29T16:45:04","modified_gmt":"2021-06-29T15:45:04","slug":"alle-produkte","status":"publish","type":"page","link":"https:\/\/orphea.it\/de\/alle-produkte\/","title":{"rendered":"Alle Produkte"},"content":{"rendered":"<p>[vc_row full_width=&#8221;stretch_row&#8221; content_placement=&#8221;middle&#8221; css=&#8221;.vc_custom_1532363201150{padding-top: 50px !important;padding-bottom: 50px !important;background-image: url(http:\/\/orphea.it\/wp-content\/uploads\/2018\/07\/sfondo-radiale-prodotti-Orphea-Protezione-Casa.jpg?id=273) !important;background-position: center !important;background-repeat: no-repeat !important;background-size: cover !important;}&#8221; el_class=&#8221;inversionemobile&#8221; offset=&#8221;vc_hidden-sm vc_hidden-xs&#8221;][vc_column width=&#8221;1\/2&#8243;][vc_column_text]<\/p>\n<h3><span style=\"color: #006e34;\">ORPHEA HAUSSCHUTZ<\/span><\/h3>\n<p><span style=\"color: #006e34;\"><strong>Orphea Hausschutz<\/strong> hat eine hervorragende insektizide Wirkung und sch\u00fctzt das Haus mit <strong>Eukalyptusextrakt<\/strong> und anderen \u00e4therischen \u00d6len, die einen angenehmen Geruch garantieren, vor fliegenden und kriechenden Insekten. Eine breite Palette von geruchlosen Insektiziden und Fallen mit nat\u00fcrlicher Wirkung, um sich wirksam und dauerhaft vor Insekten zu sch\u00fctzen. Bisher sind in Deutschland und \u00d6sterreich nur die Lebensmittelmotten-Sch\u00fctz.<\/span>[\/vc_column_text][vc_empty_space height=&#8221;15px&#8221;]<a href=\"http:\/\/orphea.it\/de\/produkte\/orphea-hausschutz\" target=\"\" title=\"\"  data-id=\"mpc_button-9469e8ba772e33c\" class=\"mpc-button mpc-init mpc-transition mpc-typography--preset_0 \" ><div class=\"mpc-button__content mpc-effect-type--none mpc-effect-side--none\"><span class=\"mpc-button__title mpc-transition\">ZU DEN PRODUKTEN<\/span><\/div><div class=\"mpc-button__background mpc-transition mpc-effect-type--fade mpc-effect-side--in\"><\/div><\/a>[\/vc_column][vc_column width=&#8221;1\/2&#8243;][vc_single_image image=&#8221;9386&#8243; img_size=&#8221;full&#8221; alignment=&#8221;center&#8221;][\/vc_column][\/vc_row][vc_row full_width=&#8221;stretch_row&#8221; content_placement=&#8221;middle&#8221; css=&#8221;.vc_custom_1532363424189{padding-top: 50px !important;padding-bottom: 50px !important;background-image: url(http:\/\/orphea.it\/wp-content\/uploads\/2018\/07\/sfondo-radiale-prodotti-Orphea-Protezione-Casa.jpg?id=273) !important;background-position: center !important;background-repeat: no-repeat !important;background-size: cover !important;}&#8221; el_class=&#8221;inversionemobile&#8221; offset=&#8221;vc_hidden-lg vc_hidden-md&#8221;][vc_column width=&#8221;1\/2&#8243;][vc_single_image image=&#8221;9386&#8243; img_size=&#8221;full&#8221; alignment=&#8221;center&#8221;][\/vc_column][vc_column width=&#8221;1\/2&#8243;][vc_column_text]<\/p>\n<h3><span style=\"color: #006e34;\">ORPHEA HAUSSCHUTZ<\/span><\/h3>\n<p><span style=\"color: #006e34;\"><strong>Orphea Hausschutz<\/strong> hat eine hervorragende insektizide Wirkung und sch\u00fctzt das Haus mit <strong>Eukalyptusextrakt<\/strong> und anderen \u00e4therischen \u00d6len, die einen angenehmen Geruch garantieren, vor fliegenden und kriechenden Insekten. Eine breite Palette von geruchlosen Insektiziden und Fallen mit nat\u00fcrlicher Wirkung, um sich wirksam und dauerhaft vor Insekten zu sch\u00fctzen. Bisher sind in Deutschland und \u00d6sterreich nur die Lebensmittelmotten-Sch\u00fctz.<\/span>[\/vc_column_text][vc_empty_space height=&#8221;15px&#8221;]<a href=\"http:\/\/orphea.it\/de\/produkte\/orphea-hausschutz\" target=\"\" title=\"\"  data-id=\"mpc_button-4769e8ba772e40c\" class=\"mpc-button mpc-init mpc-transition mpc-typography--preset_0 tastoacentro\" ><div class=\"mpc-button__content mpc-effect-type--none mpc-effect-side--none\"><span class=\"mpc-button__title mpc-transition\">ZU DEN PRODUKTEN<\/span><\/div><div class=\"mpc-button__background mpc-transition mpc-effect-type--fade mpc-effect-side--in\"><\/div><\/a>[\/vc_column][\/vc_row][vc_row full_width=&#8221;stretch_row&#8221; content_placement=&#8221;middle&#8221; css=&#8221;.vc_custom_1532363506038{padding-top: 50px !important;padding-bottom: 50px !important;background-image: url(http:\/\/orphea.it\/wp-content\/uploads\/2018\/07\/sfondo-radiale-prodotti-Orphea-Salvalana.jpg?id=274) !important;background-position: center !important;background-repeat: no-repeat !important;background-size: cover !important;}&#8221; offset=&#8221;vc_hidden-sm vc_hidden-xs&#8221;][vc_column width=&#8221;1\/2&#8243;][vc_single_image image=&#8221;9490&#8243; img_size=&#8221;full&#8221; alignment=&#8221;center&#8221;][\/vc_column][vc_column width=&#8221;1\/2&#8243;][vc_column_text]<\/p>\n<h3><span style=\"color: #8e3488;\">ORPHEA MOTTENSCHUTZ<\/span><\/h3>\n<p><span style=\"color: #8e3488;\">Orphea Mottenschutz <strong>parf\u00fcmiert und sch\u00fctzt Wolle und wertvollste Stoffe<\/strong> wie Seide, Leinen, Kaschmir und Baumwolle dank der nat\u00fcrlichen Wirksamkeit einer au\u00dfergew\u00f6hnlichen Anzahl von <strong>Essenzen, die aus Pflanzen und Blumen<\/strong> gewonnen werden und die Kleidung auf angenehme Weise parf\u00fcmieren. Ein <strong>komplettes System zur Pflege Ihrer Kleidung<\/strong>, das vom Waschen \u00fcber Schr\u00e4nke und Schubladen bis hin zu einzigartigen Produkten reicht, die die Unversehrtheit der empfindlichsten Fasern bewahren.<\/span>[\/vc_column_text][vc_empty_space height=&#8221;15px&#8221;]<a href=\"http:\/\/orphea.it\/de\/produkte\/orphea-mottenschutz\" target=\"\" title=\"\"  data-id=\"mpc_button-8169e8ba772e490\" class=\"mpc-button mpc-init mpc-transition mpc-typography--preset_0 tastoadx\" ><div class=\"mpc-button__content mpc-effect-type--none mpc-effect-side--none\"><span class=\"mpc-button__title mpc-transition\">ZU DEN PRODUKTEN<\/span><\/div><div class=\"mpc-button__background mpc-transition mpc-effect-type--fade mpc-effect-side--in\"><\/div><\/a>[\/vc_column][\/vc_row][vc_row full_width=&#8221;stretch_row&#8221; content_placement=&#8221;middle&#8221; css=&#8221;.vc_custom_1532363518634{padding-top: 50px !important;padding-bottom: 50px !important;background-image: url(http:\/\/orphea.it\/wp-content\/uploads\/2018\/07\/sfondo-radiale-prodotti-Orphea-Salvalana.jpg?id=274) !important;background-position: center !important;background-repeat: no-repeat !important;background-size: cover !important;}&#8221; offset=&#8221;vc_hidden-lg vc_hidden-md&#8221;][vc_column width=&#8221;1\/2&#8243;][vc_single_image image=&#8221;4029&#8243; img_size=&#8221;full&#8221; alignment=&#8221;center&#8221;][\/vc_column][vc_column width=&#8221;1\/2&#8243;][vc_column_text]<\/p>\n<h3><span style=\"color: #8e3488;\">ORPHEA MOTTENSCHUTZ<\/span><\/h3>\n<p><span style=\"color: #8e3488;\">Orphea Mottenschutz <strong>parf\u00fcmiert und sch\u00fctzt Wolle und wertvollste Stoffe<\/strong> wie Seide, Leinen, Kaschmir und Baumwolle dank der nat\u00fcrlichen Wirksamkeit einer au\u00dfergew\u00f6hnlichen Anzahl von <strong>Essenzen, die aus Pflanzen und Blumen<\/strong> gewonnen werden und die Kleidung auf angenehme Weise parf\u00fcmieren. Ein <strong>komplettes System zur Pflege Ihrer Kleidung<\/strong>, das vom Waschen \u00fcber Schr\u00e4nke und Schubladen bis hin zu einzigartigen Produkten reicht, die die Unversehrtheit der empfindlichsten Fasern bewahren.<\/span>[\/vc_column_text][vc_empty_space height=&#8221;15px&#8221;]<a href=\"http:\/\/orphea.it\/de\/produkte\/orphea-mottenschutz\" target=\"\" title=\"\"  data-id=\"mpc_button-3169e8ba772e50f\" class=\"mpc-button mpc-init mpc-transition mpc-typography--preset_0 tastoacentro\" ><div class=\"mpc-button__content mpc-effect-type--none mpc-effect-side--none\"><span class=\"mpc-button__title mpc-transition\">ZU DEN PRODUKTEN<\/span><\/div><div class=\"mpc-button__background mpc-transition mpc-effect-type--fade mpc-effect-side--in\"><\/div><\/a>[\/vc_column][\/vc_row][vc_row full_width=&#8221;stretch_row&#8221; content_placement=&#8221;middle&#8221; disable_element=&#8221;yes&#8221; css=&#8221;.vc_custom_1573126453246{padding-top: 50px !important;padding-bottom: 50px !important;background-image: url(http:\/\/orphea.it\/wp-content\/uploads\/2018\/07\/sfondo-radiale-prodotti-Orphea-protezione-persona.jpg?id=275) !important;background-position: center !important;background-repeat: no-repeat !important;background-size: cover !important;}&#8221; el_class=&#8221;inversionemobile&#8221; offset=&#8221;vc_hidden-sm vc_hidden-xs&#8221;][vc_column width=&#8221;1\/2&#8243;][vc_column_text]<\/p>\n<h3><span style=\"color: #006e34;\">ORPHEA PROTEZIONE PERSONA<\/span><\/h3>\n<p><span style=\"color: #006e34;\">Una completa linea di <strong>insetto repellenti<\/strong> e <strong>dopo puntura<\/strong> studiata per proteggere adulti e bambini dalle punture di zanzare e altri insetti.Il <strong>Citriodiol<\/strong>, il principio attivo di origine vegetale per eccellenza, garantisce una <strong>protezione efficace e delicata<\/strong> sulla pelle; gli <strong>estratti naturali<\/strong> hanno un potere emolliente e lenitivo sulla pelle.<\/span>[\/vc_column_text][vc_empty_space height=&#8221;15px&#8221;]<a href=\"http:\/\/orphea.it\/orphea-protezione-persona\/\" target=\"\" title=\"\"  data-id=\"mpc_button-6069e8ba772e588\" class=\"mpc-button mpc-init mpc-transition mpc-typography--preset_0 \" ><div class=\"mpc-button__content mpc-effect-type--none mpc-effect-side--none\"><span class=\"mpc-button__title mpc-transition\">ZU DEN PRODUKTEN<\/span><\/div><div class=\"mpc-button__background mpc-transition mpc-effect-type--fade mpc-effect-side--in\"><\/div><\/a>[\/vc_column][vc_column width=&#8221;1\/2&#8243;][vc_single_image image=&#8221;4188&#8243; img_size=&#8221;full&#8221; alignment=&#8221;center&#8221;][\/vc_column][\/vc_row][vc_row full_width=&#8221;stretch_row&#8221; content_placement=&#8221;middle&#8221; disable_element=&#8221;yes&#8221; css=&#8221;.vc_custom_1573126464236{padding-top: 50px !important;padding-bottom: 50px !important;background-image: url(http:\/\/orphea.it\/wp-content\/uploads\/2018\/07\/sfondo-radiale-prodotti-Orphea-protezione-persona.jpg?id=275) !important;background-position: center !important;background-repeat: no-repeat !important;background-size: cover !important;}&#8221; el_class=&#8221;inversionemobile&#8221; offset=&#8221;vc_hidden-lg vc_hidden-md&#8221;][vc_column width=&#8221;1\/2&#8243;][vc_single_image image=&#8221;4188&#8243; img_size=&#8221;full&#8221; alignment=&#8221;center&#8221;][\/vc_column][vc_column width=&#8221;1\/2&#8243;][vc_column_text]<\/p>\n<h3><span style=\"color: #006e34;\">ORPHEA PROTEZIONE PERSONA<\/span><\/h3>\n<p><span style=\"color: #006e34;\">Una completa linea di <strong>insetto repellenti<\/strong> e <strong>dopo puntura<\/strong> studiata per proteggere adulti e bambini dalle punture di zanzare e altri insetti.Il <strong>Citriodiol<\/strong>, il principio attivo di origine vegetale per eccellenza, garantisce una <strong>protezione efficace e delicata<\/strong> sulla pelle; gli <strong>estratti naturali<\/strong> hanno un potere emolliente e lenitivo sulla pelle.<\/span>[\/vc_column_text][vc_empty_space height=&#8221;15px&#8221;]<a href=\"http:\/\/orphea.it\/orphea-protezione-persona\/\" target=\"\" title=\"\"  data-id=\"mpc_button-2469e8ba772e608\" class=\"mpc-button mpc-init mpc-transition mpc-typography--preset_0 tastoacentro\" ><div class=\"mpc-button__content mpc-effect-type--none mpc-effect-side--none\"><span class=\"mpc-button__title mpc-transition\">ZU DEN PRODUKTEN<\/span><\/div><div class=\"mpc-button__background mpc-transition mpc-effect-type--fade mpc-effect-side--in\"><\/div><\/a>[\/vc_column][\/vc_row]<\/p>\n","protected":false},"excerpt":{"rendered":"<p>[vc_row full_width=&#8221;stretch_row&#8221; content_placement=&#8221;middle&#8221; css=&#8221;.vc_custom_1532363201150{padding-top: 50px !important;padding-bottom: 50px !important;background-image: url(http:\/\/orphea.it\/wp-content\/uploads\/2018\/07\/sfondo-radiale-prodotti-Orphea-Protezione-Casa.jpg?id=273) !important;background-position: center !important;background-repeat: no-repeat !important;background-size: cover !important;}&#8221; el_class=&#8221;inversionemobile&#8221; offset=&#8221;vc_hidden-sm vc_hidden-xs&#8221;][vc_column width=&#8221;1\/2&#8243;][vc_column_text] ORPHEA HAUSSCHUTZ Orphea Hausschutz hat eine hervorragende insektizide Wirkung und sch\u00fctzt das Haus mit Eukalyptusextrakt und anderen \u00e4therischen \u00d6len, die<\/p>\n","protected":false},"author":2,"featured_media":0,"parent":0,"menu_order":0,"comment_status":"closed","ping_status":"closed","template":"","meta":{"_acf_changed":false,"footnotes":""},"class_list":["post-3947","page","type-page","status-publish","hentry"],"acf":[],"yoast_head":"<!-- This site is optimized with the Yoast SEO plugin v27.4 - https:\/\/yoast.com\/product\/yoast-seo-wordpress\/ -->\n<title>Alle Produkte | Orphea<\/title>\n<meta name=\"description\" content=\"Entdecken Sie die Produkte von Orphea: Drei Produktlinien f\u00fcr all Ihre Bed\u00fcrfnisse.\" \/>\n<meta name=\"robots\" content=\"index, follow, max-snippet:-1, max-image-preview:large, max-video-preview:-1\" \/>\n<link rel=\"canonical\" href=\"https:\/\/orphea.it\/de\/alle-produkte\/\" \/>\n<meta property=\"og:locale\" content=\"de_DE\" \/>\n<meta property=\"og:type\" content=\"article\" \/>\n<meta property=\"og:title\" content=\"Alle Produkte | Orphea\" \/>\n<meta property=\"og:description\" content=\"Entdecken Sie die Produkte von Orphea: Drei Produktlinien f\u00fcr all Ihre Bed\u00fcrfnisse.\" \/>\n<meta property=\"og:url\" content=\"https:\/\/orphea.it\/de\/alle-produkte\/\" \/>\n<meta property=\"og:site_name\" content=\"ORPHEA\" \/>\n<meta property=\"article:modified_time\" content=\"2021-06-29T15:45:04+00:00\" \/>\n<meta name=\"twitter:card\" content=\"summary_large_image\" \/>\n<meta name=\"twitter:label1\" content=\"Gesch\u00e4tzte Lesezeit\" \/>\n\t<meta name=\"twitter:data1\" content=\"6 minutes\" \/>\n<script type=\"application\/ld+json\" class=\"yoast-schema-graph\">{\"@context\":\"https:\\\/\\\/schema.org\",\"@graph\":[{\"@type\":\"WebPage\",\"@id\":\"https:\\\/\\\/orphea.it\\\/de\\\/alle-produkte\\\/\",\"url\":\"https:\\\/\\\/orphea.it\\\/de\\\/alle-produkte\\\/\",\"name\":\"Alle Produkte | Orphea\",\"isPartOf\":{\"@id\":\"https:\\\/\\\/orphea.it\\\/de\\\/#website\"},\"datePublished\":\"2018-07-14T10:46:51+00:00\",\"dateModified\":\"2021-06-29T15:45:04+00:00\",\"description\":\"Entdecken Sie die Produkte von Orphea: Drei Produktlinien f\u00fcr all Ihre Bed\u00fcrfnisse.\",\"inLanguage\":\"de-DE\",\"potentialAction\":[{\"@type\":\"ReadAction\",\"target\":[\"https:\\\/\\\/orphea.it\\\/de\\\/alle-produkte\\\/\"]}]},{\"@type\":\"WebSite\",\"@id\":\"https:\\\/\\\/orphea.it\\\/de\\\/#website\",\"url\":\"https:\\\/\\\/orphea.it\\\/de\\\/\",\"name\":\"ORPHEA\",\"description\":\"Il tuo alleato di casa | ORPHEA\",\"potentialAction\":[{\"@type\":\"SearchAction\",\"target\":{\"@type\":\"EntryPoint\",\"urlTemplate\":\"https:\\\/\\\/orphea.it\\\/de\\\/?s={search_term_string}\"},\"query-input\":{\"@type\":\"PropertyValueSpecification\",\"valueRequired\":true,\"valueName\":\"search_term_string\"}}],\"inLanguage\":\"de-DE\"}]}<\/script>\n<!-- \/ Yoast SEO plugin. -->","yoast_head_json":{"title":"Alle Produkte | Orphea","description":"Entdecken Sie die Produkte von Orphea: Drei Produktlinien f\u00fcr all Ihre Bed\u00fcrfnisse.","robots":{"index":"index","follow":"follow","max-snippet":"max-snippet:-1","max-image-preview":"max-image-preview:large","max-video-preview":"max-video-preview:-1"},"canonical":"https:\/\/orphea.it\/de\/alle-produkte\/","og_locale":"de_DE","og_type":"article","og_title":"Alle Produkte | Orphea","og_description":"Entdecken Sie die Produkte von Orphea: Drei Produktlinien f\u00fcr all Ihre Bed\u00fcrfnisse.","og_url":"https:\/\/orphea.it\/de\/alle-produkte\/","og_site_name":"ORPHEA","article_modified_time":"2021-06-29T15:45:04+00:00","twitter_card":"summary_large_image","twitter_misc":{"Gesch\u00e4tzte Lesezeit":"6 minutes"},"schema":{"@context":"https:\/\/schema.org","@graph":[{"@type":"WebPage","@id":"https:\/\/orphea.it\/de\/alle-produkte\/","url":"https:\/\/orphea.it\/de\/alle-produkte\/","name":"Alle Produkte | Orphea","isPartOf":{"@id":"https:\/\/orphea.it\/de\/#website"},"datePublished":"2018-07-14T10:46:51+00:00","dateModified":"2021-06-29T15:45:04+00:00","description":"Entdecken Sie die Produkte von Orphea: Drei Produktlinien f\u00fcr all Ihre Bed\u00fcrfnisse.","inLanguage":"de-DE","potentialAction":[{"@type":"ReadAction","target":["https:\/\/orphea.it\/de\/alle-produkte\/"]}]},{"@type":"WebSite","@id":"https:\/\/orphea.it\/de\/#website","url":"https:\/\/orphea.it\/de\/","name":"ORPHEA","description":"Il tuo alleato di casa | ORPHEA","potentialAction":[{"@type":"SearchAction","target":{"@type":"EntryPoint","urlTemplate":"https:\/\/orphea.it\/de\/?s={search_term_string}"},"query-input":{"@type":"PropertyValueSpecification","valueRequired":true,"valueName":"search_term_string"}}],"inLanguage":"de-DE"}]}},"_links":{"self":[{"href":"https:\/\/orphea.it\/de\/wp-json\/wp\/v2\/pages\/3947","targetHints":{"allow":["GET"]}}],"collection":[{"href":"https:\/\/orphea.it\/de\/wp-json\/wp\/v2\/pages"}],"about":[{"href":"https:\/\/orphea.it\/de\/wp-json\/wp\/v2\/types\/page"}],"author":[{"embeddable":true,"href":"https:\/\/orphea.it\/de\/wp-json\/wp\/v2\/users\/2"}],"replies":[{"embeddable":true,"href":"https:\/\/orphea.it\/de\/wp-json\/wp\/v2\/comments?post=3947"}],"version-history":[{"count":3,"href":"https:\/\/orphea.it\/de\/wp-json\/wp\/v2\/pages\/3947\/revisions"}],"predecessor-version":[{"id":9499,"href":"https:\/\/orphea.it\/de\/wp-json\/wp\/v2\/pages\/3947\/revisions\/9499"}],"wp:attachment":[{"href":"https:\/\/orphea.it\/de\/wp-json\/wp\/v2\/media?parent=3947"}],"curies":[{"name":"wp","href":"https:\/\/api.w.org\/{rel}","templated":true}]}}